{"id":468,"date":"2020-12-16T17:07:18","date_gmt":"2020-12-16T16:07:18","guid":{"rendered":"https:\/\/psicoterapiadinamic.com\/?page_id=468"},"modified":"2023-02-23T00:29:12","modified_gmt":"2023-02-22T23:29:12","slug":"aviso-legal","status":"publish","type":"page","link":"https:\/\/psicoterapiadinamic.com\/ca\/avis-legal\/","title":{"rendered":"Av\u00eds legal"},"content":{"rendered":"<style>.kb-row-layout-id_72353b-9c > .kt-row-column-wrap{align-content:start;}:where(.kb-row-layout-id_72353b-9c > .kt-row-column-wrap) > .wp-block-kadence-column{justify-content:start;}.kb-row-layout-id_72353b-9c > .kt-row-column-wrap{column-gap:var(--global-kb-gap-md, 2rem);row-gap:var(--global-kb-gap-md, 2rem);max-width:960px;margin-left:auto;margin-right:auto;padding-top:25px;padding-right:20px;padding-bottom:77px;padding-left:20px;grid-template-columns:minmax(0, 1fr);}.kb-row-layout-id_72353b-9c > .kt-row-layout-overlay{opacity:0.30;}@media all and (max-width: 1024px){.kb-row-layout-id_72353b-9c > .kt-row-column-wrap{grid-template-columns:minmax(0, 1fr);}}@media all and (max-width: 767px){.kb-row-layout-id_72353b-9c > .kt-row-column-wrap{grid-template-columns:minmax(0, 1fr);}}<\/style><section class=\"kb-row-layout-wrap kb-row-layout-id_72353b-9c alignnone wp-block-kadence-rowlayout\"><div class=\"kt-row-column-wrap kt-has-1-columns kt-row-layout-equal kt-tab-layout-inherit kt-mobile-layout-row kt-row-valign-top\">\n<style>.kadence-column_911ffe-ae > .kt-inside-inner-col,.kadence-column_911ffe-ae > .kt-inside-inner-col:before{border-top-left-radius:0px;border-top-right-radius:0px;border-bottom-right-radius:0px;border-bottom-left-radius:0px;}.kadence-column_911ffe-ae > .kt-inside-inner-col{column-gap:var(--global-kb-gap-sm, 1rem);}.kadence-column_911ffe-ae > .kt-inside-inner-col{flex-direction:column;}.kadence-column_911ffe-ae > .kt-inside-inner-col > .aligncenter{width:100%;}.kadence-column_911ffe-ae > .kt-inside-inner-col:before{opacity:0.3;}.kadence-column_911ffe-ae{position:relative;}@media all and (max-width: 1024px){.kadence-column_911ffe-ae > .kt-inside-inner-col{flex-direction:column;justify-content:center;}}@media all and (max-width: 767px){.kadence-column_911ffe-ae > .kt-inside-inner-col{flex-direction:column;justify-content:center;}}<\/style>\n<div class=\"wp-block-kadence-column kadence-column_911ffe-ae inner-column-1\"><div class=\"kt-inside-inner-col\"><style>.wp-block-kadence-advancedheading.kt-adv-heading_54818c-f6, .wp-block-kadence-advancedheading.kt-adv-heading_54818c-f6[data-kb-block=\"kb-adv-heading_54818c-f6\"]{text-align:center;font-style:normal;}.wp-block-kadence-advancedheading.kt-adv-heading_54818c-f6 mark.kt-highlight, .wp-block-kadence-advancedheading.kt-adv-heading_54818c-f6[data-kb-block=\"kb-adv-heading_54818c-f6\"] mark.kt-highlight{font-style:normal;color:#f76a0c;-webkit-box-decoration-break:clone;box-decoration-break:clone;padding-top:0px;padding-right:0px;padding-bottom:0px;padding-left:0px;}.wp-block-kadence-advancedheading.kt-adv-heading_54818c-f6 img.kb-inline-image, .wp-block-kadence-advancedheading.kt-adv-heading_54818c-f6[data-kb-block=\"kb-adv-heading_54818c-f6\"] img.kb-inline-image{width:150px;vertical-align:baseline;}<\/style>\n<h1 class=\"kt-adv-heading_54818c-f6 wp-block-kadence-advancedheading\" data-kb-block=\"kb-adv-heading_54818c-f6\">Av\u00eds Legal<\/h1>\n\n\n\n<p><\/p>\n\n\n\n<p>Est\u00e0s en un espai comprom\u00e8s amb els drets dels seus usuaris i per aix\u00f2 tindr\u00e0s la m\u00e0xima transpar\u00e8ncia i rigor sobre tot el que necessites saber sobre aquesta web.<\/p>\n\n\n\n<p>Aquest web compleix rigorosament amb la Llei Org\u00e0nica 3\/2018, de 5 de desembre, de Protecci\u00f3 de Dades Personals i garantia dels drets digitals (LOPDGDD). Compleix tamb\u00e9 amb el Reglament (UE) 2016\/679 del Parlament Europeu i del Consell del 27 d&#039;abril del 2016 relatiu a la protecci\u00f3 de les persones f\u00edsiques (RGPD), aix\u00ed com amb la Llei 34\/2002, de l&#039;11 de juliol, de Servicis de la Societat de la Informaci\u00f3 i Comer\u00e7 Electr\u00f2nic (LSSICE o LSSI).<\/p>\n\n\n\n<p>Els serveis i\/o productes estan disponibles nom\u00e9s per a persones jur\u00eddiques i persones que tinguin 16 anys.<\/p>\n\n\n\n<h3 class=\"wp-block-heading\"><strong>Identificador dels responsables de la web<\/strong><\/h3>\n\n\n\n<ul class=\"wp-block-list\">\n<li><strong>Denominaci\u00f3 social<\/strong>: psicoterapiadinamic<\/li>\n\n\n\n<li><strong>CIF\/NIF<\/strong>: 16068643<\/li>\n\n\n\n<li><strong>Correu electr\u00f2nic<\/strong>: info@psicoterapiadinamic.com<\/li>\n\n\n\n<li><strong>Domicili social<\/strong>: c\/del Mar 118, Segona Badalona<\/li>\n<\/ul>\n\n\n\n<p><strong>Et preocupen les dades personals?<\/strong><\/p>\n\n\n\n<p>Llegeix la&nbsp;<a href=\"https:\/\/psicoterapiadinamic.com\/ca\/politica-de-privacitat\/\" data-type=\"URL\" data-id=\"\/politica-de-privacidad\">Pol\u00edtica de Privadesa<\/a>.<\/p>\n\n\n\n<p><strong>Compromisos i obligacions dels usuaris&nbsp;<\/strong><\/p>\n\n\n\n<p>L&#039;usuari queda informat, i accepta, que l&#039;acc\u00e9s a la present web no suposa, de cap manera, l&#039;inici d&#039;una relaci\u00f3 comercial amb psicoterapia din\u00e0mic a partir d&#039;ara<strong> <strong>psicoterapiadinamic<\/strong>.com<\/strong>. D&#039;aquesta manera, l&#039;usuari es compromet a utilitzar el lloc web, els serveis i els continguts sense contravenir la legislaci\u00f3 vigent, la bona fe i l&#039;ordre p\u00fablic.<\/p>\n\n\n\n<p>Queda prohibit l&#039;\u00fas del web, amb finalitats il\u00b7l\u00edcites o lesives, o que, de qualsevol manera, puguin causar perjudici o impedir el funcionament normal del lloc web. Pel que fa als continguts d&#039;aquesta web, es prohibeix:<\/p>\n\n\n\n<ul class=\"wp-block-list\">\n<li>La seva reproducci\u00f3, distribuci\u00f3 o modificaci\u00f3, total o parcial, llevat que es compti amb la meva autoritzaci\u00f3 com a leg\u00edtim titular.<\/li>\n\n\n\n<li>Qualsevol vulneraci\u00f3 dels drets del prestador o de mi com a leg\u00edtim titular.<\/li>\n\n\n\n<li>La seva utilitzaci\u00f3 per a fins comercials o publicitaris.<\/li>\n<\/ul>\n\n\n\n<p>En la utilitzaci\u00f3 de la web&nbsp;<strong>psicoterapiadinamic.com<\/strong>&nbsp;l&#039;usuari es compromet a no dur a terme cap conducta que pogu\u00e9s fer malb\u00e9 la imatge, els interessos i els drets de&nbsp;<strong><strong>psicoterapiadinamic.com<\/strong><\/strong>&nbsp;o de tercers, o que pogu\u00e9s fer malb\u00e9, inutilitzar o sobrecarregar el portal&nbsp;<strong><strong>psicoterapiadinamic<\/strong>.com<\/strong>&nbsp;o que imped\u00eds, de qualsevol manera, la normal utilitzaci\u00f3 de la web.<\/p>\n\n\n\n<p>Tot i aix\u00f2, l&#039;usuari ha de ser conscient que les mesures de seguretat dels sistemes inform\u00e0tics a Internet no s\u00f3n enterament fiables i que, per tant,&nbsp;<strong><strong>psicoterapiadinamic<\/strong>.com<\/strong>&nbsp;no pot garantir la inexist\u00e8ncia de codi malici\u00f3s o altres elements que puguin produir alteracions en els sistemes inform\u00e0tics (programari i maquinari) de l&#039;usuari, o en els seus documents electr\u00f2nics i fitxers continguts, encara que poso tots els mitjans necessaris i les mesures de seguretat oportunes per evitar la pres\u00e8ncia daquests elements nocius.<\/p>\n\n\n\n<h2 class=\"wp-block-heading\"><strong>Anuncis patrocinats, enlla\u00e7os d&#039;afiliats i publicitat<\/strong><\/h2>\n\n\n\n<p>Aquesta web pot oferir als usuaris continguts patrocinats, anuncis i\/o enlla\u00e7os d&#039;afiliats.<\/p>\n\n\n\n<p>Els clients no s\u00f3n i no es converteixen, en virtut de la participaci\u00f3 d&#039;aquesta web al Programa d&#039;Afiliats, en clients de&nbsp;<strong><strong>psicoterapiadinamic.com<\/strong>.<\/strong><\/p>\n\n\n\n<p>Tots els preus, condicions de venda, normes, pol\u00edtiques i procediments operatius relatius a les comandes dels clients, el servei d&#039;atenci\u00f3 al client i les vendes de productes que es recullen al Lloc d&#039;Amazon seran igualment aplicables als clients d&#039;Amazon , podent ser modificats en qualsevol moment.&nbsp;<\/p>\n\n\n\n<p>Com a botiga afiliada d&#039;Amazon, no gestionem comandes ni incid\u00e8ncies relatives a les compres que es facin des de la nostra web utilitzant el nostre enlla\u00e7 d&#039;afiliats, tampoc gestionem contactes.<\/p>\n\n\n\n<p>La informaci\u00f3 que aparegui en aquests enlla\u00e7os d&#039;afiliats o els anuncis inserits s\u00f3n facilitats pels mateixos clients d&#039;Amazon, per la qual cosa&nbsp;<strong><strong><strong>psicoterapiadinamic.com<\/strong><\/strong><\/strong>&nbsp;no es fa responsable de possibles inexactituds o errors que poguessin contenir els anuncis, ni garanteix de cap manera l&#039;experi\u00e8ncia, integritat o responsabilitat dels clients d&#039;Amazon, o la qualitat dels seus productes.<\/p>\n\n\n\n<p>Els anuncis romandran publicats al portal fins que siguin eliminats o suspesos per part dels clients d&#039;Amazon o de&nbsp;<strong><strong><strong>psicoterapiadinamic.com<\/strong><\/strong><\/strong>, que l\u00f2gicament no ser\u00e0 responsable que, un cop donats de baixa a les seves bases de dades, els anuncis continu\u00efn sent indexats en cercadors aliens a aquest portal.<\/p>\n\n\n\n<p>Qualsevol relaci\u00f3 contractual o extracontractual que l&#039;usuari formalitzi amb els anunciants, els clients d&#039;Amazon o les terceres persones contactades a trav\u00e9s d&#039;aquest portal s&#039;entenen realitzats \u00fanicament i exclusivament entre l&#039;usuari i l&#039;anunciant i\/o tercera persona. L&#039;usuari sap i accepta que&nbsp;<strong>psicoterapiadinamic.com<\/strong>&nbsp;\u00fanicament actua com a via o mitj\u00e0 publicitari i que, per tant, no t\u00e9 cap mena de responsabilitat sobre els danys o perjudicis de qualsevol naturalesa ocasionats amb motiu de les seves negociacions, converses i\/o relacions contractuals o extracontractuals amb els anunciants o terceres persones f\u00edsiques o jur\u00eddiques contactades mitjan\u00e7ant aquest portal.<\/p>\n\n\n\n<h2 class=\"wp-block-heading\"><strong>Mesures de seguretat&nbsp;<\/strong><\/h2>\n\n\n\n<p>Les dades personals comunicades per l&#039;usuari a <strong><strong>psicoterapiadinamic.com<\/strong><\/strong> poden ser emmagatzemats en bases de dades automatitzades o no, la titularitat de les quals correspon en exclusiva a&nbsp;<strong><strong>psicoterapiadinamic.com<\/strong><\/strong>&nbsp;qui assumeix totes les mesures d&#039;\u00edndole t\u00e8cnica, organitzativa i de seguretat que garanteixen la confidencialitat, integritat i qualitat de la informaci\u00f3 que cont\u00e9 d&#039;acord amb el que estableix la normativa vigent en protecci\u00f3 de dades.&nbsp;<\/p>\n\n\n\n<p>La comunicaci\u00f3 entre els usuaris i&nbsp;<strong>psicoterapiadinamic.com<\/strong>&nbsp;utilitza un canal segur, i les dades transmeses s\u00f3n xifrades gr\u00e0cies a protocols https, per tant, garanteixo les millors condicions de seguretat perqu\u00e8 la confidencialitat dels usuaris estigui garantida.<\/p>\n\n\n\n<h2 class=\"wp-block-heading\"><strong>Plataforma de resoluci\u00f3 de conflictes<\/strong><\/h2>\n\n\n\n<p>Poso tamb\u00e9 a disposici\u00f3 dels usuaris la plataforma de resoluci\u00f3 de litigis que facilita la Comissi\u00f3 Europea i que es troba disponible al seg\u00fcent enlla\u00e7:&nbsp;<a href=\"http:\/\/ec.europa.eu\/consumers\/odr\/\" rel=\"nofollow noopener\" target=\"_blank\"><em>http:\/\/ec.europa.eu\/consumers\/odr\/<\/em><\/a><\/p>\n\n\n\n<p><strong>Enlla\u00e7os externs<\/strong><\/p>\n\n\n\n<p>&nbsp;Les p\u00e0gines de la web&nbsp;<strong>psicoterapiadinamic.com<\/strong>&nbsp;proporcionen enlla\u00e7os a altres llocs web propis i continguts que s\u00f3n propietat de tercers com ara:<\/p>\n\n\n\n<ul class=\"wp-block-list\">\n<li>Amazon.<\/li>\n<\/ul>\n\n\n\n<p>&nbsp;L&#039;\u00fanic objecte dels enlla\u00e7os \u00e9s proporcionar a l&#039;usuari la possibilitat d&#039;accedir-hi.<\/p>\n\n\n\n<p><strong><strong>psicoterapiadinamic.com<\/strong><\/strong> no es responsabilitza en cap cas dels resultats que puguin derivar a lusuari per acc\u00e9s a aquests enlla\u00e7os.&nbsp;<\/p>\n\n\n\n<p>Aix\u00ed mateix, l&#039;usuari trobar\u00e0 dins d&#039;aquest lloc web, p\u00e0gines, promocions, programes d&#039;afiliats que accedeixen als h\u00e0bits de navegaci\u00f3 dels usuaris per establir perfils. Aquesta informaci\u00f3 \u00e9s sempre an\u00f2nima i no identificable per a l&#039;usuari.<\/p>\n\n\n\n<p>La informaci\u00f3 que es proporcioni en aquests llocs patrocinats o enlla\u00e7os de&nbsp;<strong>afiliats est\u00e0 subjecta a les pol\u00edtiques de privadesa que s&#039;utilitzin en aquests llocs<\/strong>&nbsp;i no estar\u00e0 subjecta a aquesta pol\u00edtica de privadesa. Per aix\u00f2 recomano \u00e0mpliament als usuaris que revisin detalladament les pol\u00edtiques de privadesa dels enlla\u00e7os d&#039;afiliat.<\/p>\n\n\n\n<p><strong>Exclusi\u00f3 de garanties i responsabilitat<\/strong><\/p>\n\n\n\n<p><strong><strong>psicoterapiadinamic.com<\/strong><\/strong> no atorga cap garantia, ni es fa responsable, en cap cas, dels danys i perjudicis de qualsevol naturalesa per causa de:<\/p>\n\n\n\n<ul class=\"wp-block-list\">\n<li>La manca de disponibilitat, manteniment i efectiu funcionament de la web, o dels seus serveis i continguts.<\/li>\n\n\n\n<li>L&#039;exist\u00e8ncia de codi malici\u00f3s (malware), programes maliciosos o lesius en els continguts.<\/li>\n\n\n\n<li>L&#039;\u00fas il\u00b7l\u00edcit, negligent, fraudulent o contrari a aquest Av\u00eds Legal.<\/li>\n\n\n\n<li>La manca de licitud, qualitat, fiabilitat, utilitat i disponibilitat dels serveis prestats per tercers i posats a disposici\u00f3 dels usuaris al lloc web.<\/li>\n\n\n\n<li><strong>L&#039;\u00fas il\u00b7legal o indegut de la present p\u00e0gina web<\/strong>.<\/li>\n<\/ul>\n\n\n\n<p><strong>&nbsp;Llei aplicable i jurisdicci\u00f3&nbsp;<\/strong><\/p>\n\n\n\n<p>Amb car\u00e0cter general, les relacions entre <strong><strong>psicoterapiadinamic.com<\/strong><\/strong> i els usuaris dels serveis telem\u00e0tics presents en aquest web estan sotmesos a la legislaci\u00f3 i jurisdicci\u00f3 espanyoles i als tribunals de Barcelona.<\/p>\n\n\n\n<p>En cas que qualsevol usuari tingu\u00e9s algun dubte sobre aquestes Condicions legals o de qualsevol altre comentari sobre el portal <strong>psicoterapiadinamic.com<\/strong>, si us plau, dirigiu-vos a&nbsp;<strong><em>info<\/em>@psicoterapiadinamic<\/strong><\/p>\n\n\n\n<p><\/p>\n\n\n\n<p>&nbsp;L&#039;av\u00eds legal ha estat actualitzat per darrera vegada el 4 de gener de 2021.<\/p>\n<\/div><\/div>\n\n<\/div><\/section>","protected":false},"excerpt":{"rendered":"<p>Av\u00eds Legal Est\u00e0s en un espai comprom\u00e8s amb els drets dels seus usuaris i per aix\u00f2 tindr\u00e0s la m\u00e0xima transpar\u00e8ncia i rigor sobre tot el que necessites saber sobre aquesta web. Aquesta web compleix rigorosament amb la Llei Org\u00e0nica 3\/2018, de 5 de desembre, de Protecci\u00f3 de Dades Personals i garantia dels drets\u2026<\/p>","protected":false},"author":2,"featured_media":8091,"parent":0,"menu_order":0,"comment_status":"closed","ping_status":"closed","template":"","meta":{"_kad_blocks_custom_css":"","_kad_blocks_head_custom_js":"","_kad_blocks_body_custom_js":"","_kad_blocks_footer_custom_js":"","_kad_post_transparent":"","_kad_post_title":"","_kad_post_layout":"","_kad_post_sidebar_id":"","_kad_post_content_style":"","_kad_post_vertical_padding":"","_kad_post_feature":"","_kad_post_feature_position":"","_kad_post_header":false,"_kad_post_footer":false,"_kad_post_classname":"","footnotes":""},"class_list":["post-468","page","type-page","status-publish","has-post-thumbnail","hentry"],"taxonomy_info":[],"featured_image_src_large":["https:\/\/psicoterapiadinamic.com\/wp-content\/uploads\/2023\/02\/default-thumb-1600x667.jpg",1600,667,true],"author_info":{"display_name":"Psicoter\u00e0pia din\u00e0mic","author_link":"https:\/\/psicoterapiadinamic.com\/ca\/author\/psicoterapiadinamic\/"},"comment_info":0,"_links":{"self":[{"href":"https:\/\/psicoterapiadinamic.com\/ca\/wp-json\/wp\/v2\/pages\/468","targetHints":{"allow":["GET"]}}],"collection":[{"href":"https:\/\/psicoterapiadinamic.com\/ca\/wp-json\/wp\/v2\/pages"}],"about":[{"href":"https:\/\/psicoterapiadinamic.com\/ca\/wp-json\/wp\/v2\/types\/page"}],"author":[{"embeddable":true,"href":"https:\/\/psicoterapiadinamic.com\/ca\/wp-json\/wp\/v2\/users\/2"}],"replies":[{"embeddable":true,"href":"https:\/\/psicoterapiadinamic.com\/ca\/wp-json\/wp\/v2\/comments?post=468"}],"version-history":[{"count":0,"href":"https:\/\/psicoterapiadinamic.com\/ca\/wp-json\/wp\/v2\/pages\/468\/revisions"}],"wp:featuredmedia":[{"embeddable":true,"href":"https:\/\/psicoterapiadinamic.com\/ca\/wp-json\/wp\/v2\/media\/8091"}],"wp:attachment":[{"href":"https:\/\/psicoterapiadinamic.com\/ca\/wp-json\/wp\/v2\/media?parent=468"}],"curies":[{"name":"wp","href":"https:\/\/api.w.org\/{rel}","templated":true}]}}