{"id":3,"date":"2020-12-16T15:51:38","date_gmt":"2020-12-16T14:51:38","guid":{"rendered":"https:\/\/psicoterapiadinamic.com\/?page_id=3"},"modified":"2023-02-23T00:29:18","modified_gmt":"2023-02-22T23:29:18","slug":"politica-de-privacidad","status":"publish","type":"page","link":"https:\/\/psicoterapiadinamic.com\/ca\/politica-de-privacitat\/","title":{"rendered":"Pol\u00edtica de privadesa"},"content":{"rendered":"<style>.kb-row-layout-id_49681f-a2 > .kt-row-column-wrap{align-content:start;}:where(.kb-row-layout-id_49681f-a2 > .kt-row-column-wrap) > .wp-block-kadence-column{justify-content:start;}.kb-row-layout-id_49681f-a2 > .kt-row-column-wrap{column-gap:var(--global-kb-gap-md, 2rem);row-gap:var(--global-kb-gap-md, 2rem);max-width:960px;margin-left:auto;margin-right:auto;padding-top:25px;padding-right:20px;padding-bottom:77px;padding-left:20px;grid-template-columns:minmax(0, 1fr);}.kb-row-layout-id_49681f-a2 > .kt-row-layout-overlay{opacity:0.30;}@media all and (max-width: 1024px){.kb-row-layout-id_49681f-a2 > .kt-row-column-wrap{grid-template-columns:minmax(0, 1fr);}}@media all and (max-width: 767px){.kb-row-layout-id_49681f-a2 > .kt-row-column-wrap{grid-template-columns:minmax(0, 1fr);}}<\/style><section class=\"kb-row-layout-wrap kb-row-layout-id_49681f-a2 alignnone wp-block-kadence-rowlayout\"><div class=\"kt-row-column-wrap kt-has-1-columns kt-row-layout-equal kt-tab-layout-inherit kt-mobile-layout-row kt-row-valign-top\">\n<style>.kadence-column_862c9f-e1 > .kt-inside-inner-col,.kadence-column_862c9f-e1 > .kt-inside-inner-col:before{border-top-left-radius:0px;border-top-right-radius:0px;border-bottom-right-radius:0px;border-bottom-left-radius:0px;}.kadence-column_862c9f-e1 > .kt-inside-inner-col{column-gap:var(--global-kb-gap-sm, 1rem);}.kadence-column_862c9f-e1 > .kt-inside-inner-col{flex-direction:column;}.kadence-column_862c9f-e1 > .kt-inside-inner-col > .aligncenter{width:100%;}.kadence-column_862c9f-e1 > .kt-inside-inner-col:before{opacity:0.3;}.kadence-column_862c9f-e1{position:relative;}@media all and (max-width: 1024px){.kadence-column_862c9f-e1 > .kt-inside-inner-col{flex-direction:column;justify-content:center;}}@media all and (max-width: 767px){.kadence-column_862c9f-e1 > .kt-inside-inner-col{flex-direction:column;justify-content:center;}}<\/style>\n<div class=\"wp-block-kadence-column kadence-column_862c9f-e1 inner-column-1\"><div class=\"kt-inside-inner-col\"><style>.wp-block-kadence-advancedheading.kt-adv-heading_2949d3-f8, .wp-block-kadence-advancedheading.kt-adv-heading_2949d3-f8[data-kb-block=\"kb-adv-heading_2949d3-f8\"]{text-align:center;font-style:normal;}.wp-block-kadence-advancedheading.kt-adv-heading_2949d3-f8 mark.kt-highlight, .wp-block-kadence-advancedheading.kt-adv-heading_2949d3-f8[data-kb-block=\"kb-adv-heading_2949d3-f8\"] mark.kt-highlight{font-style:normal;color:#f76a0c;-webkit-box-decoration-break:clone;box-decoration-break:clone;padding-top:0px;padding-right:0px;padding-bottom:0px;padding-left:0px;}.wp-block-kadence-advancedheading.kt-adv-heading_2949d3-f8 img.kb-inline-image, .wp-block-kadence-advancedheading.kt-adv-heading_2949d3-f8[data-kb-block=\"kb-adv-heading_2949d3-f8\"] img.kb-inline-image{width:150px;vertical-align:baseline;}<\/style>\n<h1 class=\"kt-adv-heading_2949d3-f8 wp-block-kadence-advancedheading\" data-kb-block=\"kb-adv-heading_2949d3-f8\">Pol\u00edtica de privadesa<\/h1>\n\n\n\n<p><\/p>\n\n\n<style>.wp-block-kadence-advancedheading.kt-adv-heading_cbece6-e3, .wp-block-kadence-advancedheading.kt-adv-heading_cbece6-e3[data-kb-block=\"kb-adv-heading_cbece6-e3\"]{font-style:normal;}.wp-block-kadence-advancedheading.kt-adv-heading_cbece6-e3 mark.kt-highlight, .wp-block-kadence-advancedheading.kt-adv-heading_cbece6-e3[data-kb-block=\"kb-adv-heading_cbece6-e3\"] mark.kt-highlight{font-style:normal;color:#f76a0c;-webkit-box-decoration-break:clone;box-decoration-break:clone;padding-top:0px;padding-right:0px;padding-bottom:0px;padding-left:0px;}.wp-block-kadence-advancedheading.kt-adv-heading_cbece6-e3 img.kb-inline-image, .wp-block-kadence-advancedheading.kt-adv-heading_cbece6-e3[data-kb-block=\"kb-adv-heading_cbece6-e3\"] img.kb-inline-image{width:150px;vertical-align:baseline;}<\/style>\n<h2 class=\"kt-adv-heading_cbece6-e3 wp-block-kadence-advancedheading\" data-kb-block=\"kb-adv-heading_cbece6-e3\"><strong>Protecci\u00f3 de dades de car\u00e0cter personal segons la RGDP &nbsp;<\/strong><\/h2>\n\n\n\n<p>Centre Psicoter\u00e0pia Dinamic, en aplicaci\u00f3 de la normativa vigent en mat\u00e8ria de protecci\u00f3 de dades de car\u00e0cter personal, informa que les dades personals que es recullen a trav\u00e9s dels formularis de la web www.psicoterapiadinamic.com, s&#039;inclouen als fitxers automatitzats espec\u00edfics de usuaris dels serveis d\u00b4aquesta web.<\/p>\n\n\n\n<p>La recollida i el tractament automatitzat de les dades de car\u00e0cter personal t\u00e9 com a finalitat el manteniment de la relaci\u00f3 comercial i l&#039;exercici de tasques d&#039;informaci\u00f3, formaci\u00f3, assessorament i altres activitats pr\u00f2pies de Centre Psicoter\u00e0pia Dinamic.<br>&nbsp;&nbsp;<br>Aquestes dades nom\u00e9s seran cedides a aquelles entitats que siguin necess\u00e0ries amb l&#039;\u00fanic objectiu de donar compliment a la finalitat exposada anteriorment.<br>&nbsp;&nbsp;<br>Centre Psicoter\u00e0pia Dinamic adopta les mesures necess\u00e0ries per garantir la seguretat, integritat i confidencialitat de les dades conforme al que disposa el Reglament General de Protecci\u00f3 de Dades, relatiu a la protecci\u00f3 de les persones f\u00edsiques pel que fa al tractament de dades personals ia la lliure circulaci\u00f3 dels mateixos. &nbsp;<\/p>\n\n\n\n<p>L&#039;usuari podr\u00e0 en qualsevol moment exercitar els drets d&#039;acc\u00e9s, oposici\u00f3, rectificaci\u00f3 i cancel\u00b7laci\u00f3 reconeguts a l&#039;esmentat Reglament. L&#039;exercici d&#039;aquests drets el pot fer el propi usuari a trav\u00e9s de correu electr\u00f2nic a: info@psicoterapiadinamic.com oa l&#039;adre\u00e7a: Alameda Mazarredo 47 6\u00e8 1B 48009 Bilbao, Bizkaia.<br>&nbsp;&nbsp;<br>L&#039;usuari manifesta que totes les dades facilitades per ell s\u00f3n certes i correctes, i es compromet a mantenir-les actualitzades, comunicant els canvis a info@psicoterapiadinamic.com<\/p>\n\n\n<style>.wp-block-kadence-advancedheading.kt-adv-heading_ea668d-37, .wp-block-kadence-advancedheading.kt-adv-heading_ea668d-37[data-kb-block=\"kb-adv-heading_ea668d-37\"]{font-style:normal;}.wp-block-kadence-advancedheading.kt-adv-heading_ea668d-37 mark.kt-highlight, .wp-block-kadence-advancedheading.kt-adv-heading_ea668d-37[data-kb-block=\"kb-adv-heading_ea668d-37\"] mark.kt-highlight{font-style:normal;color:#f76a0c;-webkit-box-decoration-break:clone;box-decoration-break:clone;padding-top:0px;padding-right:0px;padding-bottom:0px;padding-left:0px;}.wp-block-kadence-advancedheading.kt-adv-heading_ea668d-37 img.kb-inline-image, .wp-block-kadence-advancedheading.kt-adv-heading_ea668d-37[data-kb-block=\"kb-adv-heading_ea668d-37\"] img.kb-inline-image{width:150px;vertical-align:baseline;}<\/style>\n<h2 class=\"kt-adv-heading_ea668d-37 wp-block-kadence-advancedheading\" data-kb-block=\"kb-adv-heading_ea668d-37\"><strong>Finalitat del tractament de les dades personals:<\/strong><\/h2>\n\n\n\n<p>A Centre Psicoter\u00e0pia Dinamic tractarem les teves dades personals recollides a trav\u00e9s del lloc web www.psicoterapiadinamic.com, amb les seg\u00fcents finalitats: &nbsp;<\/p>\n\n\n\n<p>1. En cas de contractaci\u00f3 dels b\u00e9ns i serveis oferts a trav\u00e9s de www.psicoterapiadinamic.com per mantenir la relaci\u00f3 contractual, aix\u00ed com la gesti\u00f3, administraci\u00f3, informaci\u00f3, prestaci\u00f3 i millora del servei.&nbsp;<\/p>\n\n\n\n<p>2. Enviament d&#039;informaci\u00f3 sol\u00b7licitada a trav\u00e9s dels formularis disposats a www.psicoterapiadinamic.com<br>&nbsp;<br>3. Remetre butlletins (newsletters), aix\u00ed com comunicacions comercials de promocions i\/o publicitat de Centre Psicoter\u00e0pia Dinamic i del sector. &nbsp;<\/p>\n\n\n\n<p>Et recordem que et pots oposar a l&#039;enviament de comunicacions comercials per qualsevol via i en qualsevol moment, remetent un correu electr\u00f2nic a l&#039;adre\u00e7a indicada anteriorment. &nbsp;<br>Els camps d&#039;aquests registres s\u00f3n d&#039;emplenament obligatori, i \u00e9s impossible fer les finalitats expressades si no s&#039;aporten aquestes dades.&nbsp;<\/p>\n\n\n<style>.wp-block-kadence-advancedheading.kt-adv-heading_aba492-7c, .wp-block-kadence-advancedheading.kt-adv-heading_aba492-7c[data-kb-block=\"kb-adv-heading_aba492-7c\"]{font-style:normal;}.wp-block-kadence-advancedheading.kt-adv-heading_aba492-7c mark.kt-highlight, .wp-block-kadence-advancedheading.kt-adv-heading_aba492-7c[data-kb-block=\"kb-adv-heading_aba492-7c\"] mark.kt-highlight{font-style:normal;color:#f76a0c;-webkit-box-decoration-break:clone;box-decoration-break:clone;padding-top:0px;padding-right:0px;padding-bottom:0px;padding-left:0px;}.wp-block-kadence-advancedheading.kt-adv-heading_aba492-7c img.kb-inline-image, .wp-block-kadence-advancedheading.kt-adv-heading_aba492-7c[data-kb-block=\"kb-adv-heading_aba492-7c\"] img.kb-inline-image{width:150px;vertical-align:baseline;}<\/style>\n<h2 class=\"kt-adv-heading_aba492-7c wp-block-kadence-advancedheading\" data-kb-block=\"kb-adv-heading_aba492-7c\"><strong>Per quant de temps es conserven les dades personals recollides? &nbsp;<\/strong><\/h2>\n\n\n\n<p>Les dades personals proporcionades es conservaran mentre es mantingui la relaci\u00f3 comercial o no se&#039;n sol\u00b7liciti la supressi\u00f3 i durant el termini pel qual es puguin derivar responsabilitats legals pels serveis prestats. &nbsp;&nbsp;<\/p>\n\n\n<style>.wp-block-kadence-advancedheading.kt-adv-heading_ad58a7-c6, .wp-block-kadence-advancedheading.kt-adv-heading_ad58a7-c6[data-kb-block=\"kb-adv-heading_ad58a7-c6\"]{font-style:normal;}.wp-block-kadence-advancedheading.kt-adv-heading_ad58a7-c6 mark.kt-highlight, .wp-block-kadence-advancedheading.kt-adv-heading_ad58a7-c6[data-kb-block=\"kb-adv-heading_ad58a7-c6\"] mark.kt-highlight{font-style:normal;color:#f76a0c;-webkit-box-decoration-break:clone;box-decoration-break:clone;padding-top:0px;padding-right:0px;padding-bottom:0px;padding-left:0px;}.wp-block-kadence-advancedheading.kt-adv-heading_ad58a7-c6 img.kb-inline-image, .wp-block-kadence-advancedheading.kt-adv-heading_ad58a7-c6[data-kb-block=\"kb-adv-heading_ad58a7-c6\"] img.kb-inline-image{width:150px;vertical-align:baseline;}<\/style>\n<h2 class=\"kt-adv-heading_ad58a7-c6 wp-block-kadence-advancedheading\" data-kb-block=\"kb-adv-heading_ad58a7-c6\"><strong>Legitimaci\u00f3: &nbsp;<\/strong><\/h2>\n\n\n\n<p>El tractament de les teves dades es realitza amb les bases jur\u00eddiques seg\u00fcents que legitimen el mateix: &nbsp;<\/p>\n\n\n\n<p>1. La sol\u00b7licitud d&#039;informaci\u00f3 i\/o la contractaci\u00f3 dels serveis de Centre Psicoter\u00e0pia Dinamic els termes i condicions dels quals es posaran a la teva disposici\u00f3 en tot cas, de forma pr\u00e8via a una eventual contractaci\u00f3.&nbsp;<\/p>\n\n\n\n<p>2. El consentiment lliure, espec\u00edfic, informat i inequ\u00edvoc, mentre t&#039;informem posant a la teva disposici\u00f3 aquesta pol\u00edtica de privadesa, que despr\u00e9s de la lectura de la mateixa, en cas d&#039;estar conforme, pots acceptar mitjan\u00e7ant una declaraci\u00f3 o una clara acci\u00f3 afirmativa, com el marcatge d&#039;una casella disposada a aquest efecte. &nbsp;<\/p>\n\n\n\n<p>En cas que no ens facilitis les teves dades o ho facis de forma err\u00f2nia o incompleta, no podrem atendre la teva sol\u00b7licitud, resultant del tot impossible proporcionar-te la informaci\u00f3 sol\u00b7licitada o dur a terme la contractaci\u00f3 dels serveis. &nbsp;&nbsp;<\/p>\n\n\n<style>.wp-block-kadence-advancedheading.kt-adv-heading_fcb962-3c, .wp-block-kadence-advancedheading.kt-adv-heading_fcb962-3c[data-kb-block=\"kb-adv-heading_fcb962-3c\"]{font-style:normal;}.wp-block-kadence-advancedheading.kt-adv-heading_fcb962-3c mark.kt-highlight, .wp-block-kadence-advancedheading.kt-adv-heading_fcb962-3c[data-kb-block=\"kb-adv-heading_fcb962-3c\"] mark.kt-highlight{font-style:normal;color:#f76a0c;-webkit-box-decoration-break:clone;box-decoration-break:clone;padding-top:0px;padding-right:0px;padding-bottom:0px;padding-left:0px;}.wp-block-kadence-advancedheading.kt-adv-heading_fcb962-3c img.kb-inline-image, .wp-block-kadence-advancedheading.kt-adv-heading_fcb962-3c[data-kb-block=\"kb-adv-heading_fcb962-3c\"] img.kb-inline-image{width:150px;vertical-align:baseline;}<\/style>\n<h2 class=\"kt-adv-heading_fcb962-3c wp-block-kadence-advancedheading\" data-kb-block=\"kb-adv-heading_fcb962-3c\"><strong>Dades recopilades per usuaris dels serveis &nbsp;<\/strong><\/h2>\n\n\n\n<p>En els casos en qu\u00e8 l&#039;usuari inclogui fitxers amb dades de car\u00e0cter personal als servidors d&#039;allotjament compartit, Centre Psicoter\u00e0pia Dinamic no es fa responsable de l&#039;incompliment per part de l&#039;usuari de l&#039;RGPD.<\/p>\n<\/div><\/div>\n\n<\/div><\/section>","protected":false},"excerpt":{"rendered":"<p>Pol\u00edtica de privacidad Protecci\u00f3n de datos de car\u00e1cter personal seg\u00fan la RGDP &nbsp; Centro Psicoterapia Dinamic, en aplicaci\u00f3n de la normativa vigente en materia de protecci\u00f3n de datos de car\u00e1cter personal, informa que los datos personales que se recogen a trav\u00e9s de los formularios de la web www.psicoterapiadinamic.com, se incluyen en los ficheros automatizados espec\u00edficos&#8230;<\/p>","protected":false},"author":2,"featured_media":8091,"parent":0,"menu_order":0,"comment_status":"closed","ping_status":"closed","template":"","meta":{"_kad_blocks_custom_css":"","_kad_blocks_head_custom_js":"","_kad_blocks_body_custom_js":"","_kad_blocks_footer_custom_js":"","_kad_post_transparent":"","_kad_post_title":"","_kad_post_layout":"","_kad_post_sidebar_id":"","_kad_post_content_style":"","_kad_post_vertical_padding":"","_kad_post_feature":"","_kad_post_feature_position":"","_kad_post_header":false,"_kad_post_footer":false,"_kad_post_classname":"","footnotes":""},"class_list":["post-3","page","type-page","status-publish","has-post-thumbnail","hentry"],"taxonomy_info":[],"featured_image_src_large":["https:\/\/psicoterapiadinamic.com\/wp-content\/uploads\/2023\/02\/default-thumb-1600x667.jpg",1600,667,true],"author_info":{"display_name":"Psicoter\u00e0pia din\u00e0mic","author_link":"https:\/\/psicoterapiadinamic.com\/ca\/author\/psicoterapiadinamic\/"},"comment_info":0,"_links":{"self":[{"href":"https:\/\/psicoterapiadinamic.com\/ca\/wp-json\/wp\/v2\/pages\/3","targetHints":{"allow":["GET"]}}],"collection":[{"href":"https:\/\/psicoterapiadinamic.com\/ca\/wp-json\/wp\/v2\/pages"}],"about":[{"href":"https:\/\/psicoterapiadinamic.com\/ca\/wp-json\/wp\/v2\/types\/page"}],"author":[{"embeddable":true,"href":"https:\/\/psicoterapiadinamic.com\/ca\/wp-json\/wp\/v2\/users\/2"}],"replies":[{"embeddable":true,"href":"https:\/\/psicoterapiadinamic.com\/ca\/wp-json\/wp\/v2\/comments?post=3"}],"version-history":[{"count":0,"href":"https:\/\/psicoterapiadinamic.com\/ca\/wp-json\/wp\/v2\/pages\/3\/revisions"}],"wp:featuredmedia":[{"embeddable":true,"href":"https:\/\/psicoterapiadinamic.com\/ca\/wp-json\/wp\/v2\/media\/8091"}],"wp:attachment":[{"href":"https:\/\/psicoterapiadinamic.com\/ca\/wp-json\/wp\/v2\/media?parent=3"}],"curies":[{"name":"wp","href":"https:\/\/api.w.org\/{rel}","templated":true}]}}